{"id":25079,"date":"2022-05-13T12:07:46","date_gmt":"2022-05-13T10:07:46","guid":{"rendered":"https:\/\/damara.cat\/abel\/"},"modified":"2022-05-13T12:14:42","modified_gmt":"2022-05-13T10:14:42","slug":"abel","status":"publish","type":"page","link":"https:\/\/damara.cat\/es\/abel\/","title":{"rendered":"Abel"},"content":{"rendered":"[et_pb_section fb_built=\u00bb1&#8243; fullwidth=\u00bbon\u00bb disabled_on=\u00bboff|off|off\u00bb _builder_version=\u00bb4.16&#8243; background_enable_image=\u00bboff\u00bb background_position=\u00bbtop_center\u00bb global_colors_info=\u00bb{}\u00bb][et_pb_fullwidth_image src=\u00bbhttps:\/\/damara.cat\/wp-content\/uploads\/2019\/08\/terapia-per-a-infants-i-familiar-barri-de-gracia-barcelona-damara-42.jpg\u00bb _builder_version=\u00bb4.16&#8243; global_colors_info=\u00bb{}\u00bb][\/et_pb_fullwidth_image][\/et_pb_section][et_pb_section fb_built=\u00bb1&#8243; custom_padding_last_edited=\u00bbon|phone\u00bb _builder_version=\u00bb4.16&#8243; custom_padding=\u00bb1px|0|15px|0px|false|false\u00bb custom_padding_tablet=\u00bb\u00bb custom_padding_phone=\u00bb7px|0|44px|0px|false|false\u00bb global_colors_info=\u00bb{}\u00bb][et_pb_row column_structure=\u00bb3_5,2_5&#8243; _builder_version=\u00bb4.16&#8243; custom_padding=\u00bb1px|||||\u00bb global_colors_info=\u00bb{}\u00bb][et_pb_column type=\u00bb3_5&#8243; _builder_version=\u00bb4.16&#8243; custom_padding=\u00bb|||\u00bb global_colors_info=\u00bb{}\u00bb custom_padding__hover=\u00bb|||\u00bb][et_pb_text _builder_version=\u00bb4.17.4&#8243; text_font=\u00bb||||||||\u00bb header_font_size=\u00bb35px\u00bb header_2_font=\u00bbMontserrat||||||||\u00bb header_2_text_color=\u00bb#aa9f9e\u00bb header_2_font_size=\u00bb20px\u00bb header_6_font_size=\u00bb21px\u00bb global_colors_info=\u00bb{}\u00bb]<h1>Abel<\/h1>\n<h2> Acompa\u00f1amiento Psicomotriz <\/h2>[\/et_pb_text][et_pb_text _builder_version=\u00bb4.17.4&#8243; global_colors_info=\u00bb{}\u00bb]Integrador social, larga experiencia en el campo de la estimulaci\u00f3n sensorial y el acompa\u00f1amiento a personas con diversidad funcional.<\/p>\n<p>Formaci\u00f3n en Pr\u00e1ctica psicomotriz aucouturier educativa\/preventiva, y especializaci\u00f3n en Ayuda Terap\u00e9utica (AEC &#8211; Asociaci\u00f3n para la Expresi\u00f3n y Comunicaci\u00f3n).<br \/>\nFormaci\u00f3n en Pedagog\u00eda Sist\u00e9mica Multidimensional (Institut Gestalt).[\/et_pb_text][\/et_pb_column][et_pb_column type=\u00bb2_5&#8243; _builder_version=\u00bb4.16&#8243; custom_padding=\u00bb|||\u00bb global_colors_info=\u00bb{}\u00bb custom_padding__hover=\u00bb|||\u00bb][et_pb_image src=\u00bbhttps:\/\/damara.cat\/wp-content\/uploads\/2022\/05\/Abel-terapeuta-centre-damara-barcelona.jpg\u00bb alt=\u00bbAbel\u00bb title_text=\u00bbAbel terapeuta centre damara barcelona\u00bb align_tablet=\u00bb\u00bb align_phone=\u00bbcenter\u00bb align_last_edited=\u00bbon|desktop\u00bb _builder_version=\u00bb4.17.4&#8243; max_width=\u00bb88%\u00bb max_width_tablet=\u00bb58%\u00bb max_width_phone=\u00bb77%\u00bb max_width_last_edited=\u00bbon|tablet\u00bb module_alignment=\u00bbleft\u00bb custom_margin_tablet=\u00bb0px||||false|false\u00bb custom_margin_phone=\u00bb\u00bb custom_margin_last_edited=\u00bbon|phone\u00bb custom_padding=\u00bb1px|||||\u00bb module_alignment_tablet=\u00bbcenter\u00bb module_alignment_phone=\u00bbcenter\u00bb module_alignment_last_edited=\u00bbon|phone\u00bb border_radii=\u00bbon|1000px|1000px|1000px|1000px\u00bb box_shadow_style=\u00bbpreset4&#8243; box_shadow_horizontal=\u00bb15px\u00bb box_shadow_vertical=\u00bb15px\u00bb box_shadow_color=\u00bb#eaeaea\u00bb global_colors_info=\u00bb{}\u00bb src__hover_enabled=\u00bboff|desktop\u00bb][\/et_pb_image][\/et_pb_column][\/et_pb_row][\/et_pb_section][et_pb_section fb_built=\u00bb1&#8243; _builder_version=\u00bb4.16&#8243; background_image=\u00bbhttps:\/\/damara.cat\/wp-content\/uploads\/2019\/03\/terapia-per-a-infants-i-familiar-barri-de-gracia-barcelona-damara-39.png\u00bb background_size=\u00bbinitial\u00bb background_position=\u00bbtop_left\u00bb custom_margin=\u00bb|||\u00bb custom_padding=\u00bb82px|0px|46px|0|false|false\u00bb global_colors_info=\u00bb{}\u00bb][et_pb_row _builder_version=\u00bb4.16&#8243; global_colors_info=\u00bb{}\u00bb][et_pb_column type=\u00bb4_4&#8243; _builder_version=\u00bb4.16&#8243; custom_padding=\u00bb|||\u00bb global_colors_info=\u00bb{}\u00bb custom_padding__hover=\u00bb|||\u00bb][et_pb_text _builder_version=\u00bb4.16&#8243; global_colors_info=\u00bb{}\u00bb]<h3>El descubrimiento profesional<\/h3>[\/et_pb_text][\/et_pb_column][\/et_pb_row][et_pb_row _builder_version=\u00bb4.16&#8243; custom_padding=\u00bb26px|0px|27px|0px|false|false\u00bb global_colors_info=\u00bb{}\u00bb][et_pb_column type=\u00bb4_4&#8243; _builder_version=\u00bb4.16&#8243; custom_padding=\u00bb|||\u00bb global_colors_info=\u00bb{}\u00bb custom_padding__hover=\u00bb|||\u00bb][et_pb_text _builder_version=\u00bb4.17.4&#8243; global_colors_info=\u00bb{}\u00bb]Entiendo el mundo como un conjunto de individualidades que construyen una comunidad. Pienso en la importancia de las relaciones que establecemos y c\u00f3mo lo hacemos, teniendo presente la forma de ser de cada uno, la propia historia y todas las experiencias vividas hasta el momento.<\/p>\n<p>Empec\u00e9 mi recorrido profesional acompa\u00f1ando a personas con diversidad funcional, aprovechando las herramientas que me brindaba el deporte adaptado y la estimulaci\u00f3n sensorial. Esta experiencia me abri\u00f3 a un mundo y a una realidad que a menudo pasa algo desapercibida. As\u00ed conoc\u00ed a personas con las que deb\u00eda encontrar canales alternativos de comunicaci\u00f3n para establecer relaciones, y fue la v\u00eda del cuerpo y de los sentidos la que me nutri\u00f3 de herramientas y recursos.<\/p>\n<p>Indagando y buscando, fui a dar con la Psicomotricidad, y a trav\u00e9s de ella aprend\u00ed no s\u00f3lo todo lo relacionado con el desarrollo motor, afectivo y psicol\u00f3gico de la persona; sino la actitud del otro, lo que le acompa\u00f1a, para poder fijar y sentar relaciones desde el respeto, la escucha y la empat\u00eda. Un trabajo desde lo personal, lo propio&#8230; poder mirarse uno mismo para poder despu\u00e9s mirar al otro.<br \/>\nY con la Pedagog\u00eda Sist\u00e9mica pude seguir ese camino de mirada interior, desde mi sistema familiar y las relaciones y fidelidades que tambi\u00e9n se hab\u00edan establecido. Una formaci\u00f3n que me permiti\u00f3 continuar ampliando la mirada hacia el acompa\u00f1amiento a las personas.<\/p>\n<p>El bienestar, el autoconocimiento y el deseo de aprender, como pilares de mi relaci\u00f3n con los dem\u00e1s.[\/et_pb_text][\/et_pb_column][\/et_pb_row][\/et_pb_section][et_pb_section fb_built=\u00bb1&#8243; custom_padding_last_edited=\u00bbon|desktop\u00bb _builder_version=\u00bb4.16&#8243; background_color=\u00bb#fafafa\u00bb background_image=\u00bbhttps:\/\/damara.cat\/wp-content\/uploads\/2019\/03\/terapia-per-a-infants-i-familiar-barri-de-gracia-barcelona-damara-37.png\u00bb background_size=\u00bbinitial\u00bb background_position=\u00bbbottom_right\u00bb custom_padding=\u00bb75px|0px|75px|0px|true|false\u00bb custom_padding_tablet=\u00bb\u00bb custom_padding_phone=\u00bb36px||36px||true|false\u00bb global_colors_info=\u00bb{}\u00bb][et_pb_row _builder_version=\u00bb4.16&#8243; global_colors_info=\u00bb{}\u00bb][et_pb_column type=\u00bb4_4&#8243; _builder_version=\u00bb4.16&#8243; global_colors_info=\u00bb{}\u00bb][et_pb_text _builder_version=\u00bb4.16&#8243; global_colors_info=\u00bb{}\u00bb]<h3>El cuerpo como continente de emociones y herramienta de expresi\u00f3n de nuestro mundo interior.<\/h3>[\/et_pb_text][et_pb_text _builder_version=\u00bb4.17.4&#8243; global_colors_info=\u00bb{}\u00bb]Desde la Psicomotricidad vivencial, entendemos que el cuerpo permite que expresemos lo que pensamos y sentimos, desde la palabra, la escritura o el propio movimiento. La Expresividad motriz se convierte en nuestro mecanismo de comunicaci\u00f3n con el mundo que nos rodea; para poder relacionarnos con el propio cuerpo, con los dem\u00e1s, los materiales, el espacio y el tiempo.<\/p>\n<p>Trabajamos desde la espontaneidad y el deseo del otro; respetando, reconociendo y acompa\u00f1ando lo que nos ha tra\u00eddo a la sala. A partir de ah\u00ed, ayudamos a hacer conscientes los propios actos y movimientos, las propias palabras y pensamientos; para poderlos transformar, adaptar, cambiar, modelar&#8230; seg\u00fan sus necesidades y el momento vital.[\/et_pb_text][\/et_pb_column][\/et_pb_row][\/et_pb_section][et_pb_section fb_built=\u00bb1&#8243; custom_padding_last_edited=\u00bbon|desktop\u00bb _builder_version=\u00bb4.16&#8243; custom_padding=\u00bb||38px|||\u00bb custom_padding_tablet=\u00bb\u00bb custom_padding_phone=\u00bb||0px||false|false\u00bb global_colors_info=\u00bb{}\u00bb][et_pb_row _builder_version=\u00bb4.16&#8243; global_colors_info=\u00bb{}\u00bb][et_pb_column type=\u00bb4_4&#8243; _builder_version=\u00bb4.16&#8243; custom_padding=\u00bb|||\u00bb global_colors_info=\u00bb{}\u00bb custom_padding__hover=\u00bb|||\u00bb][et_pb_text _builder_version=\u00bb4.16&#8243; global_colors_info=\u00bb{}\u00bb]<h3>\u00c1mbitos de trabajo <\/h3>[\/et_pb_text][et_pb_text _builder_version=\u00bb4.17.4&#8243; global_colors_info=\u00bb{}\u00bb]Actualmente, trabajo como psicomotricista en una guarder\u00eda (0-3 a\u00f1os) y en otra primaria (3-6 a\u00f1os), dentro del marco educativo y preventivo. A la vez, tambi\u00e9n en el \u00e1mbito privado, acompa\u00f1o de forma individual y en grupo, dentro del \u00e1mbito terap\u00e9utico (4-14 a\u00f1os).<\/p>\n<p>Soy docente y tutor de pr\u00e1cticas del Postgrado: Especializaci\u00f3n en Pr\u00e1ctica Psicomotriz Educativa-Preventiva de la Universidad de Barcelona.[\/et_pb_text][\/et_pb_column][\/et_pb_row][\/et_pb_section][et_pb_section fb_built=\u00bb1&#8243; admin_label=\u00bbsection\u00bb _builder_version=\u00bb4.16&#8243; background_color=\u00bb#b0fad5&#8243; background_color_gradient_direction=\u00bb90deg\u00bb background_image=\u00bbhttps:\/\/damara.cat\/wp-content\/uploads\/2019\/03\/Damara-blanc-500.png\u00bb background_size=\u00bbcontain\u00bb background_position=\u00bbcenter_right\u00bb background_blend=\u00bbsoft-light\u00bb custom_padding=\u00bb0|0px|0px|0px|false|false\u00bb top_divider_height=\u00bb30px\u00bb bottom_divider_height=\u00bb55px\u00bb bottom_divider_flip=\u00bbhorizontal\u00bb saved_tabs=\u00bball\u00bb locked=\u00bboff\u00bb global_colors_info=\u00bb{}\u00bb global_module=\u00bb24310&#8243; theme_builder_area=\u00bbpost_content\u00bb][et_pb_row admin_label=\u00bbrow\u00bb _builder_version=\u00bb4.16&#8243; background_size=\u00bbinitial\u00bb background_position=\u00bbtop_left\u00bb background_repeat=\u00bbrepeat\u00bb width=\u00bb95%\u00bb max_width=\u00bb95%\u00bb module_alignment=\u00bbcenter\u00bb custom_padding=\u00bb14px|0px|10px|0px|false|false\u00bb global_colors_info=\u00bb{}\u00bb theme_builder_area=\u00bbpost_content\u00bb][et_pb_column type=\u00bb4_4&#8243; _builder_version=\u00bb4.16&#8243; custom_padding=\u00bb|||\u00bb global_colors_info=\u00bb{}\u00bb custom_padding__hover=\u00bb|||\u00bb theme_builder_area=\u00bbpost_content\u00bb][et_pb_text admin_label=\u00bbText\u00bb _builder_version=\u00bb4.16&#8243; background_size=\u00bbinitial\u00bb background_position=\u00bbtop_left\u00bb background_repeat=\u00bbrepeat\u00bb custom_margin=\u00bb||22px|||\u00bb global_colors_info=\u00bb{}\u00bb theme_builder_area=\u00bbpost_content\u00bb][\/et_pb_text][et_pb_text _builder_version=\u00bb4.16&#8243; header_5_font=\u00bbMontserrat Alternates||||||||\u00bb text_orientation=\u00bbcenter\u00bb header_5_font_size_tablet=\u00bb\u00bb header_5_font_size_phone=\u00bb22px\u00bb header_5_font_size_last_edited=\u00bbon|desktop\u00bb text_text_align=\u00bbcenter\u00bb global_colors_info=\u00bb{}\u00bb theme_builder_area=\u00bbpost_content\u00bb]<h5>Si quer\u00e9is estar al d\u00eda de las \u00faltimas novedades de Damara, suscrib\u00edos y os enviaremos aviso de los nuevos art\u00edculos, talleres, charlas, etc.<\/h5>\n<p><em>Sin spam<\/em><\/p>[\/et_pb_text][et_pb_code _builder_version=\u00bb4.16&#8243; custom_margin=\u00bb||18px|||\u00bb global_colors_info=\u00bb{}\u00bb theme_builder_area=\u00bbpost_content\u00bb][\/et_pb_code][et_pb_text _builder_version=\u00bb4.16&#8243; text_font=\u00bb||||||||\u00bb text_font_size=\u00bb12px\u00bb text_line_height=\u00bb1.3em\u00bb locked=\u00bboff\u00bb global_colors_info=\u00bb{}\u00bb theme_builder_area=\u00bbpost_content\u00bb]<p class=\"p1\"><b>Responsable<\/b>: Nuria Gros de Damara.\u00a0<b>Finalidad<\/b>: gestionar el alta a esta suscripci\u00f3n y el env\u00edo de mis publicaciones as\u00ed como correos comerciales. <b>Legitimaci\u00f3n<\/b>: es gracias a tu consentimiento.\u00a0<b>Destinatarios<\/b>: tus datos se encuentran alojados en mi plataforma de email marketing Mailchimp cuyo titular es The Rocket Science Group LLC, con sede en EEUU (<a href=\"https:\/\/mailchimp.com\/legal\/privacy\/\"><span class=\"s1\">ver pol\u00edtica de privacidad de Mailchimp<\/span><\/a>). Podr\u00e1s ejercer tus <b>derechos<\/b> de acceso, rectificaci\u00f3n, limitaci\u00f3n o suprimir tus datos enviando un email acentre@damara.cat. Informaci\u00f3n Adicional: Puedes ampliar la informaci\u00f3n en el\u00a0<a href=\"https:\/\/damara.cat\/aviso-legal\/\" target=\"_blank\" rel=\"noopener noreferrer\">aviso legal<\/a>\u00a0y\u00a0<a href=\"https:\/\/damara.cat\/privacy-policy\/\" target=\"_blank\" rel=\"noopener noreferrer\">pol\u00edtica de privacidad<\/a>.<\/p>[\/et_pb_text][\/et_pb_column][\/et_pb_row][\/et_pb_section]","protected":false},"excerpt":{"rendered":"<p>Abel Acompa\u00f1amiento Psicomotriz Integrador social, larga experiencia en el campo de la estimulaci\u00f3n sensorial y el acompa\u00f1amiento a personas con diversidad funcional. Formaci\u00f3n en Pr\u00e1ctica psicomotriz aucouturier educativa\/preventiva, y especializaci\u00f3n en Ayuda Terap\u00e9utica (AEC &#8211; Asociaci\u00f3n para la Expresi\u00f3n y Comunicaci\u00f3n). Formaci\u00f3n en Pedagog\u00eda Sist\u00e9mica Multidimensional (Institut Gestalt).El descubrimiento profesionalEntiendo el mundo como un conjunto [&hellip;]<\/p>\n","protected":false},"author":4,"featured_media":0,"parent":0,"menu_order":0,"comment_status":"closed","ping_status":"closed","template":"","meta":{"_et_pb_use_builder":"on","_et_pb_old_content":"","_et_gb_content_width":"","_joinchat":[],"footnotes":""},"class_list":["post-25079","page","type-page","status-publish","hentry"],"yoast_head":"<!-- This site is optimized with the Yoast SEO plugin v27.4 - https:\/\/yoast.com\/product\/yoast-seo-wordpress\/ -->\n<title>Abel &#8226; Damara<\/title>\n<meta name=\"description\" content=\"El bienestar, el autoconocimiento y el deseo de aprender, como pilares de mi relaci\u00f3n con los dem\u00e1s.\" \/>\n<meta name=\"robots\" content=\"index, follow, max-snippet:-1, max-image-preview:large, max-video-preview:-1\" \/>\n<link rel=\"canonical\" href=\"https:\/\/damara.cat\/es\/abel\/\" \/>\n<meta property=\"og:locale\" content=\"es_ES\" \/>\n<meta property=\"og:type\" content=\"article\" \/>\n<meta property=\"og:title\" content=\"Abel &#8226; Damara\" \/>\n<meta property=\"og:description\" content=\"El bienestar, el autoconocimiento y el deseo de aprender, como pilares de mi relaci\u00f3n con los dem\u00e1s.\" \/>\n<meta property=\"og:url\" content=\"https:\/\/damara.cat\/es\/abel\/\" \/>\n<meta property=\"og:site_name\" content=\"Damara\" \/>\n<meta property=\"article:publisher\" content=\"https:\/\/www.facebook.com\/damara.cat\/\" \/>\n<meta property=\"article:modified_time\" content=\"2022-05-13T10:14:42+00:00\" \/>\n<meta property=\"og:image\" content=\"https:\/\/damara.cat\/wp-content\/uploads\/2019\/08\/damara-barri-de-gracia-barcelona-acompanyament-a-infants-i-families.jpg\" \/>\n\t<meta property=\"og:image:width\" content=\"1000\" \/>\n\t<meta property=\"og:image:height\" content=\"523\" \/>\n\t<meta property=\"og:image:type\" content=\"image\/jpeg\" \/>\n<meta name=\"twitter:card\" content=\"summary_large_image\" \/>\n<meta name=\"twitter:label1\" content=\"Tiempo de lectura\" \/>\n\t<meta name=\"twitter:data1\" content=\"8 minutos\" \/>\n<script type=\"application\/ld+json\" class=\"yoast-schema-graph\">{\"@context\":\"https:\\\/\\\/schema.org\",\"@graph\":[{\"@type\":\"WebPage\",\"@id\":\"https:\\\/\\\/damara.cat\\\/es\\\/abel\\\/\",\"url\":\"https:\\\/\\\/damara.cat\\\/es\\\/abel\\\/\",\"name\":\"Abel &#8226; Damara\",\"isPartOf\":{\"@id\":\"https:\\\/\\\/damara.cat\\\/es\\\/#website\"},\"datePublished\":\"2022-05-13T10:07:46+00:00\",\"dateModified\":\"2022-05-13T10:14:42+00:00\",\"description\":\"El bienestar, el autoconocimiento y el deseo de aprender, como pilares de mi relaci\u00f3n con los dem\u00e1s.\",\"breadcrumb\":{\"@id\":\"https:\\\/\\\/damara.cat\\\/es\\\/abel\\\/#breadcrumb\"},\"inLanguage\":\"es\",\"potentialAction\":[{\"@type\":\"ReadAction\",\"target\":[\"https:\\\/\\\/damara.cat\\\/es\\\/abel\\\/\"]}]},{\"@type\":\"BreadcrumbList\",\"@id\":\"https:\\\/\\\/damara.cat\\\/es\\\/abel\\\/#breadcrumb\",\"itemListElement\":[{\"@type\":\"ListItem\",\"position\":1,\"name\":\"Portada\",\"item\":\"https:\\\/\\\/damara.cat\\\/es\\\/\"},{\"@type\":\"ListItem\",\"position\":2,\"name\":\"Abel\"}]},{\"@type\":\"WebSite\",\"@id\":\"https:\\\/\\\/damara.cat\\\/es\\\/#website\",\"url\":\"https:\\\/\\\/damara.cat\\\/es\\\/\",\"name\":\"Damara\",\"description\":\"Acompanyament a infants i fam\u00edlies\",\"publisher\":{\"@id\":\"https:\\\/\\\/damara.cat\\\/es\\\/#organization\"},\"potentialAction\":[{\"@type\":\"SearchAction\",\"target\":{\"@type\":\"EntryPoint\",\"urlTemplate\":\"https:\\\/\\\/damara.cat\\\/es\\\/?s={search_term_string}\"},\"query-input\":{\"@type\":\"PropertyValueSpecification\",\"valueRequired\":true,\"valueName\":\"search_term_string\"}}],\"inLanguage\":\"es\"},{\"@type\":\"Organization\",\"@id\":\"https:\\\/\\\/damara.cat\\\/es\\\/#organization\",\"name\":\"Damara\",\"url\":\"https:\\\/\\\/damara.cat\\\/es\\\/\",\"logo\":{\"@type\":\"ImageObject\",\"inLanguage\":\"es\",\"@id\":\"https:\\\/\\\/damara.cat\\\/es\\\/#\\\/schema\\\/logo\\\/image\\\/\",\"url\":\"https:\\\/\\\/damara.cat\\\/wp-content\\\/uploads\\\/2019\\\/03\\\/Damara-acompanyament-a-infants-i-families-1000-2.png\",\"contentUrl\":\"https:\\\/\\\/damara.cat\\\/wp-content\\\/uploads\\\/2019\\\/03\\\/Damara-acompanyament-a-infants-i-families-1000-2.png\",\"width\":1000,\"height\":538,\"caption\":\"Damara\"},\"image\":{\"@id\":\"https:\\\/\\\/damara.cat\\\/es\\\/#\\\/schema\\\/logo\\\/image\\\/\"},\"sameAs\":[\"https:\\\/\\\/www.facebook.com\\\/damara.cat\\\/\"]}]}<\/script>\n<!-- \/ Yoast SEO plugin. -->","yoast_head_json":{"title":"Abel &#8226; Damara","description":"El bienestar, el autoconocimiento y el deseo de aprender, como pilares de mi relaci\u00f3n con los dem\u00e1s.","robots":{"index":"index","follow":"follow","max-snippet":"max-snippet:-1","max-image-preview":"max-image-preview:large","max-video-preview":"max-video-preview:-1"},"canonical":"https:\/\/damara.cat\/es\/abel\/","og_locale":"es_ES","og_type":"article","og_title":"Abel &#8226; Damara","og_description":"El bienestar, el autoconocimiento y el deseo de aprender, como pilares de mi relaci\u00f3n con los dem\u00e1s.","og_url":"https:\/\/damara.cat\/es\/abel\/","og_site_name":"Damara","article_publisher":"https:\/\/www.facebook.com\/damara.cat\/","article_modified_time":"2022-05-13T10:14:42+00:00","og_image":[{"width":1000,"height":523,"url":"https:\/\/damara.cat\/wp-content\/uploads\/2019\/08\/damara-barri-de-gracia-barcelona-acompanyament-a-infants-i-families.jpg","type":"image\/jpeg"}],"twitter_card":"summary_large_image","twitter_misc":{"Tiempo de lectura":"8 minutos"},"schema":{"@context":"https:\/\/schema.org","@graph":[{"@type":"WebPage","@id":"https:\/\/damara.cat\/es\/abel\/","url":"https:\/\/damara.cat\/es\/abel\/","name":"Abel &#8226; Damara","isPartOf":{"@id":"https:\/\/damara.cat\/es\/#website"},"datePublished":"2022-05-13T10:07:46+00:00","dateModified":"2022-05-13T10:14:42+00:00","description":"El bienestar, el autoconocimiento y el deseo de aprender, como pilares de mi relaci\u00f3n con los dem\u00e1s.","breadcrumb":{"@id":"https:\/\/damara.cat\/es\/abel\/#breadcrumb"},"inLanguage":"es","potentialAction":[{"@type":"ReadAction","target":["https:\/\/damara.cat\/es\/abel\/"]}]},{"@type":"BreadcrumbList","@id":"https:\/\/damara.cat\/es\/abel\/#breadcrumb","itemListElement":[{"@type":"ListItem","position":1,"name":"Portada","item":"https:\/\/damara.cat\/es\/"},{"@type":"ListItem","position":2,"name":"Abel"}]},{"@type":"WebSite","@id":"https:\/\/damara.cat\/es\/#website","url":"https:\/\/damara.cat\/es\/","name":"Damara","description":"Acompanyament a infants i fam\u00edlies","publisher":{"@id":"https:\/\/damara.cat\/es\/#organization"},"potentialAction":[{"@type":"SearchAction","target":{"@type":"EntryPoint","urlTemplate":"https:\/\/damara.cat\/es\/?s={search_term_string}"},"query-input":{"@type":"PropertyValueSpecification","valueRequired":true,"valueName":"search_term_string"}}],"inLanguage":"es"},{"@type":"Organization","@id":"https:\/\/damara.cat\/es\/#organization","name":"Damara","url":"https:\/\/damara.cat\/es\/","logo":{"@type":"ImageObject","inLanguage":"es","@id":"https:\/\/damara.cat\/es\/#\/schema\/logo\/image\/","url":"https:\/\/damara.cat\/wp-content\/uploads\/2019\/03\/Damara-acompanyament-a-infants-i-families-1000-2.png","contentUrl":"https:\/\/damara.cat\/wp-content\/uploads\/2019\/03\/Damara-acompanyament-a-infants-i-families-1000-2.png","width":1000,"height":538,"caption":"Damara"},"image":{"@id":"https:\/\/damara.cat\/es\/#\/schema\/logo\/image\/"},"sameAs":["https:\/\/www.facebook.com\/damara.cat\/"]}]}},"_links":{"self":[{"href":"https:\/\/damara.cat\/es\/wp-json\/wp\/v2\/pages\/25079","targetHints":{"allow":["GET"]}}],"collection":[{"href":"https:\/\/damara.cat\/es\/wp-json\/wp\/v2\/pages"}],"about":[{"href":"https:\/\/damara.cat\/es\/wp-json\/wp\/v2\/types\/page"}],"author":[{"embeddable":true,"href":"https:\/\/damara.cat\/es\/wp-json\/wp\/v2\/users\/4"}],"replies":[{"embeddable":true,"href":"https:\/\/damara.cat\/es\/wp-json\/wp\/v2\/comments?post=25079"}],"version-history":[{"count":0,"href":"https:\/\/damara.cat\/es\/wp-json\/wp\/v2\/pages\/25079\/revisions"}],"wp:attachment":[{"href":"https:\/\/damara.cat\/es\/wp-json\/wp\/v2\/media?parent=25079"}],"curies":[{"name":"wp","href":"https:\/\/api.w.org\/{rel}","templated":true}]}}